{"id":1623,"date":"2016-09-30T21:24:16","date_gmt":"2016-09-30T21:24:16","guid":{"rendered":"http:\/\/www.apartmaji-sosic.si\/de\/gostilna\/"},"modified":"2019-06-03T20:28:25","modified_gmt":"2019-06-03T20:28:25","slug":"gasthof","status":"publish","type":"page","link":"https:\/\/www.apartmaji-sosic.si\/de\/gasthof\/","title":{"rendered":"Gasthaus"},"content":{"rendered":"\n<style type=\"text\/css\" data-created_by=\"avia_inline_auto\" id=\"style-css-av-k59n8n-645515160c2e414c38b22e5ac1f53607\">\n.avia-section.av-k59n8n-645515160c2e414c38b22e5ac1f53607{\nbackground-repeat:no-repeat;\nbackground-image:url(https:\/\/www.apartmaji-sosic.si\/wp-content\/uploads\/2016\/02\/Apartmaji-Sosi\u010d-Strunjan.jpg);\nbackground-position:50% 50%;\nbackground-attachment:scroll;\n}\n.avia-section.av-k59n8n-645515160c2e414c38b22e5ac1f53607 .av-section-color-overlay{\nopacity:0.4;\nbackground-color:#0a0a0a;\n}\n<\/style>\n<div id='av_section_1'  class='avia-section av-k59n8n-645515160c2e414c38b22e5ac1f53607 main_color avia-section-default avia-no-shadow  avia-builder-el-0  el_before_av_section  avia-builder-el-first  avia-full-stretch avia-bg-style-scroll av-section-color-overlay-active av-minimum-height av-minimum-height-custom av-height-custom  container_wrap fullsize'  data-section-bg-repeat='stretch' data-av_minimum_height_px='250'><div class=\"av-section-color-overlay-wrap\"><div class=\"av-section-color-overlay\"><\/div><div class='container av-section-cont-open' style='height:250px'><main  role=\"main\" itemprop=\"mainContentOfPage\"  class='template-page content  av-content-full alpha units'><div class='post-entry post-entry-type-page post-entry-1623'><div class='entry-content-wrapper clearfix'>\n<\/div><\/div><\/main><!-- close content main element --><\/div><\/div><\/div>\n<style type=\"text\/css\" data-created_by=\"avia_inline_auto\" id=\"style-css-av-js8w8n-2fad0d1536a5a7ead57d50220b836541\">\n.avia-section.av-js8w8n-2fad0d1536a5a7ead57d50220b836541{\nbackground-repeat:no-repeat;\nbackground-image:url(https:\/\/www.apartmaji-sosic.si\/wp-content\/uploads\/2015\/07\/ornament-bg-top-small-1.png);\nbackground-position:50% 0%;\nbackground-attachment:scroll;\n}\n<\/style>\n<div id='av_section_2'  class='avia-section av-js8w8n-2fad0d1536a5a7ead57d50220b836541 main_color avia-section-huge avia-no-border-styling  avia-builder-el-1  el_after_av_section  avia-builder-el-last  avia-full-contain avia-bg-style-scroll container_wrap fullsize'  data-section-bg-repeat='contain'><div class='container av-section-cont-open' ><div class='template-page content  av-content-full alpha units'><div class='post-entry post-entry-type-page post-entry-1623'><div class='entry-content-wrapper clearfix'>\n\n<style type=\"text\/css\" data-created_by=\"avia_inline_auto\" id=\"style-css-av-1sbpg7-73cd6409f496ffeaac1bb3e27ff74061\">\n#top .flex_column.av-1sbpg7-73cd6409f496ffeaac1bb3e27ff74061{\nmargin-top:-200px;\nmargin-bottom:0px;\n}\n.flex_column.av-1sbpg7-73cd6409f496ffeaac1bb3e27ff74061{\nborder-radius:0px 0px 0px 0px;\npadding:30px 30px 0px 30px;\nbackground-color:#ffffff;\n}\n.responsive #top #wrap_all .flex_column.av-1sbpg7-73cd6409f496ffeaac1bb3e27ff74061{\nmargin-top:-200px;\nmargin-bottom:0px;\n}\n<\/style>\n<div  class='flex_column av-1sbpg7-73cd6409f496ffeaac1bb3e27ff74061 av_one_full  avia-builder-el-2  el_before_av_hr  avia-builder-el-first  first flex_column_div  '     ><p>\n<style type=\"text\/css\" data-created_by=\"avia_inline_auto\" id=\"style-css-av-fs7xaf-2994316baf9b26d003fb8ceb871818e8\">\n#top .hr.hr-invisible.av-fs7xaf-2994316baf9b26d003fb8ceb871818e8{\nheight:5px;\n}\n<\/style>\n<div  class='hr av-fs7xaf-2994316baf9b26d003fb8ceb871818e8 hr-invisible  avia-builder-el-3  el_before_av_heading  avia-builder-el-first '><span class='hr-inner '><span class=\"hr-inner-style\"><\/span><\/span><\/div><br \/>\n\n<style type=\"text\/css\" data-created_by=\"avia_inline_auto\" id=\"style-css-av-jwgtusv8-e6d5f4d3149fb7b1e7759e5ffdef72df\">\n#top .av-special-heading.av-jwgtusv8-e6d5f4d3149fb7b1e7759e5ffdef72df{\npadding-bottom:20px;\nfont-size:40px;\n}\nbody .av-special-heading.av-jwgtusv8-e6d5f4d3149fb7b1e7759e5ffdef72df .av-special-heading-tag .heading-char{\nfont-size:25px;\n}\n#top #wrap_all .av-special-heading.av-jwgtusv8-e6d5f4d3149fb7b1e7759e5ffdef72df .av-special-heading-tag{\nfont-size:40px;\n}\n.av-special-heading.av-jwgtusv8-e6d5f4d3149fb7b1e7759e5ffdef72df .av-subheading{\nfont-size:15px;\n}\n\n@media only screen and (min-width: 480px) and (max-width: 767px){ \n#top #wrap_all .av-special-heading.av-jwgtusv8-e6d5f4d3149fb7b1e7759e5ffdef72df .av-special-heading-tag{\nfont-size:0.8em;\n}\n}\n\n@media only screen and (max-width: 479px){ \n#top #wrap_all .av-special-heading.av-jwgtusv8-e6d5f4d3149fb7b1e7759e5ffdef72df .av-special-heading-tag{\nfont-size:0.8em;\n}\n}\n<\/style>\n<div  class='av-special-heading av-jwgtusv8-e6d5f4d3149fb7b1e7759e5ffdef72df av-special-heading-h1 blockquote modern-quote modern-centered  avia-builder-el-4  el_after_av_hr  el_before_av_hr  av-inherit-size'><h1 class='av-special-heading-tag'  itemprop=\"headline\"  >Gasthaus \u2013 Strunjan \u2013 Haus Sosi\u010d<\/h1><div class='av-subheading av-subheading_below'><p>Haus Sosi\u010d \u2013 Gasthaus<\/p>\n<\/div><div class=\"special-heading-border\"><div class=\"special-heading-inner-border\"><\/div><\/div><\/div><br \/>\n\n<style type=\"text\/css\" data-created_by=\"avia_inline_auto\" id=\"style-css-av-csejcn-df9f13e9258e6edad75420386a119508\">\n#top .hr.hr-invisible.av-csejcn-df9f13e9258e6edad75420386a119508{\nheight:25px;\n}\n<\/style>\n<div  class='hr av-csejcn-df9f13e9258e6edad75420386a119508 hr-invisible  avia-builder-el-5  el_after_av_heading  el_before_av_textblock '><span class='hr-inner '><span class=\"hr-inner-style\"><\/span><\/span><\/div><br \/>\n<section  class='av_textblock_section av-a4y3xj-104e6b76c0c67a46f8ff8960e191f003 '   itemscope=\"itemscope\" itemtype=\"https:\/\/schema.org\/CreativeWork\" ><div class='avia_textblock'  itemprop=\"text\" ><p style=\"text-align: center;\">Das <strong>Gasthaus <\/strong>tr\u00e4gt den Namen \u201eHaus Sosi\u010d \u2013 <strong>Gasthaus bei Anna<\/strong>\u201c und ist <strong>das ganze Jahr \u00fcber, jeden Tag<\/strong> von 11 bis 23 Uhr ge\u00f6ffnet.<br \/>\nDie <strong>Kapazit\u00e4t<\/strong> betr\u00e4gt 30 und 40 G\u00e4ste in <strong>zwei R\u00e4umen<\/strong> und eine gro\u00dfe <strong>Terrasse<\/strong> f\u00fcr <strong>60 G\u00e4ste.<\/strong><br \/>\nUnser <strong>Chef<\/strong> bereitet f\u00fcr Sie eine <strong>weite Auswahl<\/strong> an Gerichten zu: von <strong>Seefischen<\/strong> und <strong>Muscheln<\/strong> bis zu <strong>Krebstieren<\/strong> oder <strong>Fleischgerichten<\/strong> und ausgezeichneten <strong>Desserts.<\/strong>\u00a0Wir <strong>empfehlen Fisch<\/strong> aus dem Backofen <strong>mit Oliven.<\/strong><\/p>\n<p style=\"text-align: center;\">Ein Teil der Terrasse ist mit einer <strong>Pergola \u2013 Weinrebe<\/strong> \u00fcberdacht, unter der es sogar in der schlimmsten <strong>Sommerhitze angenehm k\u00fchl<\/strong> ist.<\/p>\n<\/div><\/section><\/p><\/div>\n<style type=\"text\/css\" data-created_by=\"avia_inline_auto\" id=\"style-css-av-91qxgn-1d89939cb0c17fce0a5916319ba53ff5\">\n#top .hr.hr-invisible.av-91qxgn-1d89939cb0c17fce0a5916319ba53ff5{\nheight:5px;\n}\n<\/style>\n<div  class='hr av-91qxgn-1d89939cb0c17fce0a5916319ba53ff5 hr-invisible  avia-builder-el-7  el_after_av_one_full  el_before_av_gallery '><span class='hr-inner '><span class=\"hr-inner-style\"><\/span><\/span><\/div>\n\n<style type=\"text\/css\" data-created_by=\"avia_inline_auto\" id=\"style-css-av-741hyf-93db3f818e1777a61fc0ac330865d301\">\n#top .avia-gallery.av-741hyf-93db3f818e1777a61fc0ac330865d301 .avia-gallery-thumb a{\nwidth:20%;\n}\n<\/style>\n<div  class='avia-gallery av-741hyf-93db3f818e1777a61fc0ac330865d301 avia_animate_when_visible  avia-builder-el-8  el_after_av_hr  el_before_av_hr  deactivate_avia_lazyload avia-gallery-animate avia-gallery-1'  itemprop=\"image\" itemscope=\"itemscope\" itemtype=\"https:\/\/schema.org\/ImageObject\" ><meta itemprop=\"contentURL\" content=\"https:\/\/www.apartmaji-sosic.si\/de\/gasthof\/\"><div class='avia-gallery-thumb'><a href=\"https:\/\/www.apartmaji-sosic.si\/wp-content\/uploads\/2016\/09\/hi\u0161a-in-gostilna-008-1024x757.jpg\" data-srcset=\"https:\/\/www.apartmaji-sosic.si\/wp-content\/uploads\/2016\/09\/hi\u0161a-in-gostilna-008-1024x757.jpg 1024w, https:\/\/www.apartmaji-sosic.si\/wp-content\/uploads\/2016\/09\/hi\u0161a-in-gostilna-008-300x222.jpg 300w, https:\/\/www.apartmaji-sosic.si\/wp-content\/uploads\/2016\/09\/hi\u0161a-in-gostilna-008-768x568.jpg 768w, https:\/\/www.apartmaji-sosic.si\/wp-content\/uploads\/2016\/09\/hi\u0161a-in-gostilna-008-1500x1109.jpg 1500w, https:\/\/www.apartmaji-sosic.si\/wp-content\/uploads\/2016\/09\/hi\u0161a-in-gostilna-008-705x521.jpg 705w, https:\/\/www.apartmaji-sosic.si\/wp-content\/uploads\/2016\/09\/hi\u0161a-in-gostilna-008-450x333.jpg 450w\" data-sizes=\"(max-width: 1024px) 100vw, 1024px\" data-rel='gallery-1' data-prev-img='https:\/\/www.apartmaji-sosic.si\/wp-content\/uploads\/2016\/09\/hi\u0161a-in-gostilna-008-495x400.jpg' class='first_thumb lightbox ' data-onclick='1' title='Hi\u0161a Sosi\u010d \u2013 gostilna pri Ani'  itemprop=\"thumbnailUrl\"  ><img decoding=\"async\" fetchpriority=\"high\" class=\"wp-image-1625 avia-img-lazy-loading-not-1625\"   src=\"https:\/\/www.apartmaji-sosic.si\/wp-content\/uploads\/2016\/09\/hi\u0161a-in-gostilna-008-495x400.jpg\" width=\"495\" height=\"400\"  title='Hi\u0161a Sosi\u010d \u2013 gostilna pri Ani' alt='' srcset=\"https:\/\/www.apartmaji-sosic.si\/wp-content\/uploads\/2016\/09\/hi\u0161a-in-gostilna-008-495x400.jpg 495w, https:\/\/www.apartmaji-sosic.si\/wp-content\/uploads\/2016\/09\/hi\u0161a-in-gostilna-008-845x684.jpg 845w\" sizes=\"(max-width: 495px) 100vw, 495px\" \/><div class='big-prev-fake'><img decoding=\"async\" loading=\"lazy\" class=\"wp-image-1625 avia-img-lazy-loading-1625\"  width=\"495\" height=\"400\" src=\"https:\/\/www.apartmaji-sosic.si\/wp-content\/uploads\/2016\/09\/hi\u0161a-in-gostilna-008-495x400.jpg\" title='Hi\u0161a Sosi\u010d \u2013 gostilna pri Ani' alt='' srcset=\"https:\/\/www.apartmaji-sosic.si\/wp-content\/uploads\/2016\/09\/hi\u0161a-in-gostilna-008-495x400.jpg 495w, https:\/\/www.apartmaji-sosic.si\/wp-content\/uploads\/2016\/09\/hi\u0161a-in-gostilna-008-845x684.jpg 845w\" sizes=\"(max-width: 495px) 100vw, 495px\" \/><\/div><\/a><a href=\"https:\/\/www.apartmaji-sosic.si\/wp-content\/uploads\/2016\/09\/hi\u0161a-in-gostilna-010-1024x757.jpg\" data-srcset=\"https:\/\/www.apartmaji-sosic.si\/wp-content\/uploads\/2016\/09\/hi\u0161a-in-gostilna-010-1024x757.jpg 1024w, https:\/\/www.apartmaji-sosic.si\/wp-content\/uploads\/2016\/09\/hi\u0161a-in-gostilna-010-300x222.jpg 300w, https:\/\/www.apartmaji-sosic.si\/wp-content\/uploads\/2016\/09\/hi\u0161a-in-gostilna-010-768x568.jpg 768w, https:\/\/www.apartmaji-sosic.si\/wp-content\/uploads\/2016\/09\/hi\u0161a-in-gostilna-010-1500x1109.jpg 1500w, https:\/\/www.apartmaji-sosic.si\/wp-content\/uploads\/2016\/09\/hi\u0161a-in-gostilna-010-705x521.jpg 705w, https:\/\/www.apartmaji-sosic.si\/wp-content\/uploads\/2016\/09\/hi\u0161a-in-gostilna-010-450x333.jpg 450w\" data-sizes=\"(max-width: 1024px) 100vw, 1024px\" data-rel='gallery-1' data-prev-img='https:\/\/www.apartmaji-sosic.si\/wp-content\/uploads\/2016\/09\/hi\u0161a-in-gostilna-010-495x400.jpg' class='lightbox ' data-onclick='2' title='Hi\u0161a Sosi\u010d \u2013 gostilna pri Ani'  itemprop=\"thumbnailUrl\"  ><img decoding=\"async\" fetchpriority=\"high\" class=\"wp-image-1626 avia-img-lazy-loading-not-1626\"   src=\"https:\/\/www.apartmaji-sosic.si\/wp-content\/uploads\/2016\/09\/hi\u0161a-in-gostilna-010-495x400.jpg\" width=\"495\" height=\"400\"  title='Hi\u0161a Sosi\u010d \u2013 gostilna pri Ani' alt='' srcset=\"https:\/\/www.apartmaji-sosic.si\/wp-content\/uploads\/2016\/09\/hi\u0161a-in-gostilna-010-495x400.jpg 495w, https:\/\/www.apartmaji-sosic.si\/wp-content\/uploads\/2016\/09\/hi\u0161a-in-gostilna-010-845x684.jpg 845w\" sizes=\"(max-width: 495px) 100vw, 495px\" \/><div class='big-prev-fake'><img decoding=\"async\" loading=\"lazy\" class=\"wp-image-1626 avia-img-lazy-loading-1626\"  width=\"495\" height=\"400\" src=\"https:\/\/www.apartmaji-sosic.si\/wp-content\/uploads\/2016\/09\/hi\u0161a-in-gostilna-010-495x400.jpg\" title='Hi\u0161a Sosi\u010d \u2013 gostilna pri Ani' alt='' srcset=\"https:\/\/www.apartmaji-sosic.si\/wp-content\/uploads\/2016\/09\/hi\u0161a-in-gostilna-010-495x400.jpg 495w, https:\/\/www.apartmaji-sosic.si\/wp-content\/uploads\/2016\/09\/hi\u0161a-in-gostilna-010-845x684.jpg 845w\" sizes=\"(max-width: 495px) 100vw, 495px\" \/><\/div><\/a><a href=\"https:\/\/www.apartmaji-sosic.si\/wp-content\/uploads\/2016\/09\/hi\u0161a-in-gostilna-012-1024x757.jpg\" data-srcset=\"https:\/\/www.apartmaji-sosic.si\/wp-content\/uploads\/2016\/09\/hi\u0161a-in-gostilna-012-1024x757.jpg 1024w, https:\/\/www.apartmaji-sosic.si\/wp-content\/uploads\/2016\/09\/hi\u0161a-in-gostilna-012-300x222.jpg 300w, https:\/\/www.apartmaji-sosic.si\/wp-content\/uploads\/2016\/09\/hi\u0161a-in-gostilna-012-768x568.jpg 768w, https:\/\/www.apartmaji-sosic.si\/wp-content\/uploads\/2016\/09\/hi\u0161a-in-gostilna-012-1500x1109.jpg 1500w, https:\/\/www.apartmaji-sosic.si\/wp-content\/uploads\/2016\/09\/hi\u0161a-in-gostilna-012-705x521.jpg 705w, https:\/\/www.apartmaji-sosic.si\/wp-content\/uploads\/2016\/09\/hi\u0161a-in-gostilna-012-450x333.jpg 450w\" data-sizes=\"(max-width: 1024px) 100vw, 1024px\" data-rel='gallery-1' data-prev-img='https:\/\/www.apartmaji-sosic.si\/wp-content\/uploads\/2016\/09\/hi\u0161a-in-gostilna-012-495x400.jpg' class='lightbox ' data-onclick='3' title='Hi\u0161a Sosi\u010d \u2013 gostilna pri Ani'  itemprop=\"thumbnailUrl\"  ><img decoding=\"async\" fetchpriority=\"high\" class=\"wp-image-1627 avia-img-lazy-loading-not-1627\"   src=\"https:\/\/www.apartmaji-sosic.si\/wp-content\/uploads\/2016\/09\/hi\u0161a-in-gostilna-012-495x400.jpg\" width=\"495\" height=\"400\"  title='Hi\u0161a Sosi\u010d \u2013 gostilna pri Ani' alt='' srcset=\"https:\/\/www.apartmaji-sosic.si\/wp-content\/uploads\/2016\/09\/hi\u0161a-in-gostilna-012-495x400.jpg 495w, https:\/\/www.apartmaji-sosic.si\/wp-content\/uploads\/2016\/09\/hi\u0161a-in-gostilna-012-845x684.jpg 845w\" sizes=\"(max-width: 495px) 100vw, 495px\" \/><div class='big-prev-fake'><img decoding=\"async\" loading=\"lazy\" class=\"wp-image-1627 avia-img-lazy-loading-1627\"  width=\"495\" height=\"400\" src=\"https:\/\/www.apartmaji-sosic.si\/wp-content\/uploads\/2016\/09\/hi\u0161a-in-gostilna-012-495x400.jpg\" title='Hi\u0161a Sosi\u010d \u2013 gostilna pri Ani' alt='' srcset=\"https:\/\/www.apartmaji-sosic.si\/wp-content\/uploads\/2016\/09\/hi\u0161a-in-gostilna-012-495x400.jpg 495w, https:\/\/www.apartmaji-sosic.si\/wp-content\/uploads\/2016\/09\/hi\u0161a-in-gostilna-012-845x684.jpg 845w\" sizes=\"(max-width: 495px) 100vw, 495px\" \/><\/div><\/a><a href=\"https:\/\/www.apartmaji-sosic.si\/wp-content\/uploads\/2016\/09\/hi\u0161a-in-gostilna-016-1024x757.jpg\" data-srcset=\"https:\/\/www.apartmaji-sosic.si\/wp-content\/uploads\/2016\/09\/hi\u0161a-in-gostilna-016-1024x757.jpg 1024w, https:\/\/www.apartmaji-sosic.si\/wp-content\/uploads\/2016\/09\/hi\u0161a-in-gostilna-016-300x222.jpg 300w, https:\/\/www.apartmaji-sosic.si\/wp-content\/uploads\/2016\/09\/hi\u0161a-in-gostilna-016-768x568.jpg 768w, https:\/\/www.apartmaji-sosic.si\/wp-content\/uploads\/2016\/09\/hi\u0161a-in-gostilna-016-1500x1109.jpg 1500w, https:\/\/www.apartmaji-sosic.si\/wp-content\/uploads\/2016\/09\/hi\u0161a-in-gostilna-016-705x521.jpg 705w, https:\/\/www.apartmaji-sosic.si\/wp-content\/uploads\/2016\/09\/hi\u0161a-in-gostilna-016-450x333.jpg 450w\" data-sizes=\"(max-width: 1024px) 100vw, 1024px\" data-rel='gallery-1' data-prev-img='https:\/\/www.apartmaji-sosic.si\/wp-content\/uploads\/2016\/09\/hi\u0161a-in-gostilna-016-495x400.jpg' class='lightbox ' data-onclick='4' title='Hi\u0161a Sosi\u010d \u2013 gostilna pri Ani'  itemprop=\"thumbnailUrl\"  ><img decoding=\"async\" fetchpriority=\"high\" class=\"wp-image-1628 avia-img-lazy-loading-not-1628\"   src=\"https:\/\/www.apartmaji-sosic.si\/wp-content\/uploads\/2016\/09\/hi\u0161a-in-gostilna-016-495x400.jpg\" width=\"495\" height=\"400\"  title='Hi\u0161a Sosi\u010d \u2013 gostilna pri Ani' alt='' srcset=\"https:\/\/www.apartmaji-sosic.si\/wp-content\/uploads\/2016\/09\/hi\u0161a-in-gostilna-016-495x400.jpg 495w, https:\/\/www.apartmaji-sosic.si\/wp-content\/uploads\/2016\/09\/hi\u0161a-in-gostilna-016-845x684.jpg 845w\" sizes=\"(max-width: 495px) 100vw, 495px\" \/><div class='big-prev-fake'><img decoding=\"async\" loading=\"lazy\" class=\"wp-image-1628 avia-img-lazy-loading-1628\"  width=\"495\" height=\"400\" src=\"https:\/\/www.apartmaji-sosic.si\/wp-content\/uploads\/2016\/09\/hi\u0161a-in-gostilna-016-495x400.jpg\" title='Hi\u0161a Sosi\u010d \u2013 gostilna pri Ani' alt='' srcset=\"https:\/\/www.apartmaji-sosic.si\/wp-content\/uploads\/2016\/09\/hi\u0161a-in-gostilna-016-495x400.jpg 495w, https:\/\/www.apartmaji-sosic.si\/wp-content\/uploads\/2016\/09\/hi\u0161a-in-gostilna-016-845x684.jpg 845w\" sizes=\"(max-width: 495px) 100vw, 495px\" \/><\/div><\/a><a href=\"https:\/\/www.apartmaji-sosic.si\/wp-content\/uploads\/2016\/09\/hi\u0161a-in-gostilna-019-1024x757.jpg\" data-srcset=\"https:\/\/www.apartmaji-sosic.si\/wp-content\/uploads\/2016\/09\/hi\u0161a-in-gostilna-019-1024x757.jpg 1024w, https:\/\/www.apartmaji-sosic.si\/wp-content\/uploads\/2016\/09\/hi\u0161a-in-gostilna-019-300x222.jpg 300w, https:\/\/www.apartmaji-sosic.si\/wp-content\/uploads\/2016\/09\/hi\u0161a-in-gostilna-019-768x568.jpg 768w, https:\/\/www.apartmaji-sosic.si\/wp-content\/uploads\/2016\/09\/hi\u0161a-in-gostilna-019-1500x1109.jpg 1500w, https:\/\/www.apartmaji-sosic.si\/wp-content\/uploads\/2016\/09\/hi\u0161a-in-gostilna-019-705x521.jpg 705w, https:\/\/www.apartmaji-sosic.si\/wp-content\/uploads\/2016\/09\/hi\u0161a-in-gostilna-019-450x333.jpg 450w\" data-sizes=\"(max-width: 1024px) 100vw, 1024px\" data-rel='gallery-1' data-prev-img='https:\/\/www.apartmaji-sosic.si\/wp-content\/uploads\/2016\/09\/hi\u0161a-in-gostilna-019-495x400.jpg' class='lightbox ' data-onclick='5' title='Hi\u0161a Sosi\u010d \u2013 gostilna pri Ani'  itemprop=\"thumbnailUrl\"  ><img decoding=\"async\" fetchpriority=\"high\" class=\"wp-image-1629 avia-img-lazy-loading-not-1629\"   src=\"https:\/\/www.apartmaji-sosic.si\/wp-content\/uploads\/2016\/09\/hi\u0161a-in-gostilna-019-495x400.jpg\" width=\"495\" height=\"400\"  title='Hi\u0161a Sosi\u010d \u2013 gostilna pri Ani' alt='' srcset=\"https:\/\/www.apartmaji-sosic.si\/wp-content\/uploads\/2016\/09\/hi\u0161a-in-gostilna-019-495x400.jpg 495w, https:\/\/www.apartmaji-sosic.si\/wp-content\/uploads\/2016\/09\/hi\u0161a-in-gostilna-019-845x684.jpg 845w\" sizes=\"(max-width: 495px) 100vw, 495px\" \/><div class='big-prev-fake'><img decoding=\"async\" loading=\"lazy\" class=\"wp-image-1629 avia-img-lazy-loading-1629\"  width=\"495\" height=\"400\" src=\"https:\/\/www.apartmaji-sosic.si\/wp-content\/uploads\/2016\/09\/hi\u0161a-in-gostilna-019-495x400.jpg\" title='Hi\u0161a Sosi\u010d \u2013 gostilna pri Ani' alt='' srcset=\"https:\/\/www.apartmaji-sosic.si\/wp-content\/uploads\/2016\/09\/hi\u0161a-in-gostilna-019-495x400.jpg 495w, https:\/\/www.apartmaji-sosic.si\/wp-content\/uploads\/2016\/09\/hi\u0161a-in-gostilna-019-845x684.jpg 845w\" sizes=\"(max-width: 495px) 100vw, 495px\" \/><\/div><\/a><\/div><\/div>\n\n<style type=\"text\/css\" data-created_by=\"avia_inline_auto\" id=\"style-css-av-2bmif-031e4cbdb2a1a0f576f99b57d49348be\">\n#top .hr.hr-invisible.av-2bmif-031e4cbdb2a1a0f576f99b57d49348be{\nheight:25px;\n}\n<\/style>\n<div  class='hr av-2bmif-031e4cbdb2a1a0f576f99b57d49348be hr-invisible  avia-builder-el-9  el_after_av_gallery  el_before_av_heading '><span class='hr-inner '><span class=\"hr-inner-style\"><\/span><\/span><\/div>\n\n<style type=\"text\/css\" data-created_by=\"avia_inline_auto\" id=\"style-css-av-av_heading-0299e5404756d3ed6bda3f427027c7c2\">\n#top .av-special-heading.av-av_heading-0299e5404756d3ed6bda3f427027c7c2{\npadding-bottom:20px;\nfont-size:27px;\n}\nbody .av-special-heading.av-av_heading-0299e5404756d3ed6bda3f427027c7c2 .av-special-heading-tag .heading-char{\nfont-size:25px;\n}\n#top #wrap_all .av-special-heading.av-av_heading-0299e5404756d3ed6bda3f427027c7c2 .av-special-heading-tag{\nfont-size:27px;\n}\n.av-special-heading.av-av_heading-0299e5404756d3ed6bda3f427027c7c2 .av-subheading{\nfont-size:15px;\n}\n\n@media only screen and (min-width: 480px) and (max-width: 767px){ \n#top #wrap_all .av-special-heading.av-av_heading-0299e5404756d3ed6bda3f427027c7c2 .av-special-heading-tag{\nfont-size:0.8em;\n}\n}\n\n@media only screen and (max-width: 479px){ \n#top #wrap_all .av-special-heading.av-av_heading-0299e5404756d3ed6bda3f427027c7c2 .av-special-heading-tag{\nfont-size:0.8em;\n}\n}\n<\/style>\n<div  class='av-special-heading av-av_heading-0299e5404756d3ed6bda3f427027c7c2 av-special-heading-h1 blockquote modern-quote modern-centered  avia-builder-el-10  el_after_av_hr  el_before_av_textblock  av-inherit-size'><h1 class='av-special-heading-tag'  itemprop=\"headline\"  >Kontakt und Reservierungen<\/h1><div class=\"special-heading-border\"><div class=\"special-heading-inner-border\"><\/div><\/div><\/div>\n<section  class='av_textblock_section av-373jx3-e8eb95cd9da4b64d48641e7caf074e5e '   itemscope=\"itemscope\" itemtype=\"https:\/\/schema.org\/CreativeWork\" ><div class='avia_textblock'  itemprop=\"text\" ><p style=\"text-align: center;\"><strong>T<\/strong><strong>: <a href=\"tel:+386 5 678 00 22\">+386 5 678 00 22<\/a><\/strong><\/p>\n<p style=\"text-align: center;\"><strong>E: <a href=\"mailto:zvonko0404@hotmail.com\">zvonko0404@hotmail.com<\/a><\/strong><\/p>\n<\/div><\/section>\n\n","protected":false},"excerpt":{"rendered":"","protected":false},"author":1,"featured_media":0,"parent":0,"menu_order":0,"comment_status":"closed","ping_status":"closed","template":"","meta":{"footnotes":""},"_links":{"self":[{"href":"https:\/\/www.apartmaji-sosic.si\/de\/wp-json\/wp\/v2\/pages\/1623"}],"collection":[{"href":"https:\/\/www.apartmaji-sosic.si\/de\/wp-json\/wp\/v2\/pages"}],"about":[{"href":"https:\/\/www.apartmaji-sosic.si\/de\/wp-json\/wp\/v2\/types\/page"}],"author":[{"embeddable":true,"href":"https:\/\/www.apartmaji-sosic.si\/de\/wp-json\/wp\/v2\/users\/1"}],"replies":[{"embeddable":true,"href":"https:\/\/www.apartmaji-sosic.si\/de\/wp-json\/wp\/v2\/comments?post=1623"}],"version-history":[{"count":4,"href":"https:\/\/www.apartmaji-sosic.si\/de\/wp-json\/wp\/v2\/pages\/1623\/revisions"}],"predecessor-version":[{"id":2734,"href":"https:\/\/www.apartmaji-sosic.si\/de\/wp-json\/wp\/v2\/pages\/1623\/revisions\/2734"}],"wp:attachment":[{"href":"https:\/\/www.apartmaji-sosic.si\/de\/wp-json\/wp\/v2\/media?parent=1623"}],"curies":[{"name":"wp","href":"https:\/\/api.w.org\/{rel}","templated":true}]}}