{"id":1401,"date":"2016-09-30T21:24:16","date_gmt":"2016-09-30T21:24:16","guid":{"rendered":"http:\/\/www.apartmaji-sosic.si\/en\/gostilna\/"},"modified":"2019-06-04T09:33:45","modified_gmt":"2019-06-04T09:33:45","slug":"restaurant","status":"publish","type":"page","link":"https:\/\/www.apartmaji-sosic.si\/en\/restaurant\/","title":{"rendered":"Restaurant"},"content":{"rendered":"\n<style type=\"text\/css\" data-created_by=\"avia_inline_auto\" id=\"style-css-av-lh6tjt-0860029427412f3e992226a5f34e95d0\">\n.avia-section.av-lh6tjt-0860029427412f3e992226a5f34e95d0{\nbackground-repeat:no-repeat;\nbackground-image:url(https:\/\/www.apartmaji-sosic.si\/wp-content\/uploads\/2016\/02\/Apartmaji-Sosi\u010d-Strunjan.jpg);\nbackground-position:50% 50%;\nbackground-attachment:scroll;\n}\n.avia-section.av-lh6tjt-0860029427412f3e992226a5f34e95d0 .av-section-color-overlay{\nopacity:0.4;\nbackground-color:#0a0a0a;\n}\n<\/style>\n<div id='av_section_1'  class='avia-section av-lh6tjt-0860029427412f3e992226a5f34e95d0 main_color avia-section-default avia-no-shadow  avia-builder-el-0  el_before_av_section  avia-builder-el-first  avia-full-stretch avia-bg-style-scroll av-section-color-overlay-active av-minimum-height av-minimum-height-custom av-height-custom  container_wrap fullsize'  data-section-bg-repeat='stretch' data-av_minimum_height_px='250'><div class=\"av-section-color-overlay-wrap\"><div class=\"av-section-color-overlay\"><\/div><div class='container av-section-cont-open' style='height:250px'><main  role=\"main\" itemprop=\"mainContentOfPage\"  class='template-page content  av-content-full alpha units'><div class='post-entry post-entry-type-page post-entry-1401'><div class='entry-content-wrapper clearfix'>\n<\/div><\/div><\/main><!-- close content main element --><\/div><\/div><\/div>\n<style type=\"text\/css\" data-created_by=\"avia_inline_auto\" id=\"style-css-av-im846x-a5e9c5963cc665a202cbd4ce5df253cb\">\n.avia-section.av-im846x-a5e9c5963cc665a202cbd4ce5df253cb{\nbackground-repeat:no-repeat;\nbackground-image:url(https:\/\/www.apartmaji-sosic.si\/wp-content\/uploads\/2015\/07\/ornament-bg-top-small-1.png);\nbackground-position:50% 0%;\nbackground-attachment:scroll;\n}\n<\/style>\n<div id='av_section_2'  class='avia-section av-im846x-a5e9c5963cc665a202cbd4ce5df253cb main_color avia-section-huge avia-no-border-styling  avia-builder-el-1  el_after_av_section  avia-builder-el-last  avia-full-contain avia-bg-style-scroll container_wrap fullsize'  data-section-bg-repeat='contain'><div class='container av-section-cont-open' ><div class='template-page content  av-content-full alpha units'><div class='post-entry post-entry-type-page post-entry-1401'><div class='entry-content-wrapper clearfix'>\n\n<style type=\"text\/css\" data-created_by=\"avia_inline_auto\" id=\"style-css-av-gu6axl-9803c7cbe4b6d0fa4a1fb46dea536e4a\">\n#top .flex_column.av-gu6axl-9803c7cbe4b6d0fa4a1fb46dea536e4a{\nmargin-top:-200px;\nmargin-bottom:0px;\n}\n.flex_column.av-gu6axl-9803c7cbe4b6d0fa4a1fb46dea536e4a{\nborder-radius:0px 0px 0px 0px;\npadding:30px 30px 0px 30px;\nbackground-color:#ffffff;\n}\n.responsive #top #wrap_all .flex_column.av-gu6axl-9803c7cbe4b6d0fa4a1fb46dea536e4a{\nmargin-top:-200px;\nmargin-bottom:0px;\n}\n<\/style>\n<div  class='flex_column av-gu6axl-9803c7cbe4b6d0fa4a1fb46dea536e4a av_one_full  avia-builder-el-2  el_before_av_hr  avia-builder-el-first  first flex_column_div  '     ><p>\n<style type=\"text\/css\" data-created_by=\"avia_inline_auto\" id=\"style-css-av-1kpkg9-a28c5365808f045fe4ac836814753a06\">\n#top .hr.hr-invisible.av-1kpkg9-a28c5365808f045fe4ac836814753a06{\nheight:5px;\n}\n<\/style>\n<div  class='hr av-1kpkg9-a28c5365808f045fe4ac836814753a06 hr-invisible  avia-builder-el-3  el_before_av_heading  avia-builder-el-first '><span class='hr-inner '><span class=\"hr-inner-style\"><\/span><\/span><\/div><br \/>\n\n<style type=\"text\/css\" data-created_by=\"avia_inline_auto\" id=\"style-css-av-jwhlwpum-714be70ae69f1e8ae36f4f81fa8e62b4\">\n#top .av-special-heading.av-jwhlwpum-714be70ae69f1e8ae36f4f81fa8e62b4{\npadding-bottom:20px;\nfont-size:40px;\n}\nbody .av-special-heading.av-jwhlwpum-714be70ae69f1e8ae36f4f81fa8e62b4 .av-special-heading-tag .heading-char{\nfont-size:25px;\n}\n#top #wrap_all .av-special-heading.av-jwhlwpum-714be70ae69f1e8ae36f4f81fa8e62b4 .av-special-heading-tag{\nfont-size:40px;\n}\n.av-special-heading.av-jwhlwpum-714be70ae69f1e8ae36f4f81fa8e62b4 .av-subheading{\nfont-size:15px;\n}\n\n@media only screen and (min-width: 480px) and (max-width: 767px){ \n#top #wrap_all .av-special-heading.av-jwhlwpum-714be70ae69f1e8ae36f4f81fa8e62b4 .av-special-heading-tag{\nfont-size:0.8em;\n}\n}\n\n@media only screen and (max-width: 479px){ \n#top #wrap_all .av-special-heading.av-jwhlwpum-714be70ae69f1e8ae36f4f81fa8e62b4 .av-special-heading-tag{\nfont-size:0.8em;\n}\n}\n<\/style>\n<div  class='av-special-heading av-jwhlwpum-714be70ae69f1e8ae36f4f81fa8e62b4 av-special-heading-h1 blockquote modern-quote modern-centered  avia-builder-el-4  el_after_av_hr  el_before_av_hr  av-inherit-size'><h1 class='av-special-heading-tag'  itemprop=\"headline\"  >House Sosi\u010d \u2013 Restaurant<\/h1><div class='av-subheading av-subheading_below'><p>Hi\u0161a Sosi\u010d &#8211; gostilna<\/p>\n<\/div><div class=\"special-heading-border\"><div class=\"special-heading-inner-border\"><\/div><\/div><\/div><br \/>\n\n<style type=\"text\/css\" data-created_by=\"avia_inline_auto\" id=\"style-css-av-4emyh-2f0dd241b9154f9ece9c98db86595d9e\">\n#top .hr.hr-invisible.av-4emyh-2f0dd241b9154f9ece9c98db86595d9e{\nheight:25px;\n}\n<\/style>\n<div  class='hr av-4emyh-2f0dd241b9154f9ece9c98db86595d9e hr-invisible  avia-builder-el-5  el_after_av_heading  el_before_av_textblock '><span class='hr-inner '><span class=\"hr-inner-style\"><\/span><\/span><\/div><br \/>\n<section  class='av_textblock_section av-athdll-430966356b6f95ebb7f72670d2d9dd7e '   itemscope=\"itemscope\" itemtype=\"https:\/\/schema.org\/CreativeWork\" ><div class='avia_textblock'  itemprop=\"text\" ><p style=\"text-align: center;\">The <strong>restaurant<\/strong> bears the name \u201cHouse Sosi\u010d \u2013 <strong>Restaurant at Anne\u2019s<\/strong>\u201d and is open <strong>year-round, every day<\/strong> from 11am to 11pm.<br \/>\nThe <strong>capacity<\/strong>\u00a0is 30 and 40 guests in\u00a0<strong>two rooms,<\/strong>\u00a0and a large <strong>terrace<\/strong>\u00a0for\u00a0<strong>60 guests<\/strong><strong>.<\/strong><br \/>\nOur <strong>chef<\/strong>\u00a0will happily prepare a <strong>w<\/strong><strong>ide selection<\/strong>\u00a0of dishes: from <strong>sea fish<\/strong><strong>,\u00a0<\/strong><strong>mussels<\/strong>\u00a0and<strong>crabs<\/strong>\u00a0to\u00a0<strong>meat<\/strong>\u00a0dishes and excellent <strong>desserts<\/strong><strong>.<\/strong>\u00a0<strong>We recommend<\/strong><strong>\u00a0<\/strong><strong>fish<\/strong>\u00a0from the oven\u00a0<strong>with olives<\/strong><strong>.<\/strong><\/p>\n<p style=\"text-align: center;\">Part of the terrace is covered with\u00a0<strong>a pergola \u2013 vine<\/strong><strong>,<\/strong> which provides a nice\u00a0<strong>cool shade<\/strong>\u00a0even in the <strong>worst of summer heat<\/strong><strong>.<\/strong><\/p>\n<\/div><\/section><\/p><\/div>\n<style type=\"text\/css\" data-created_by=\"avia_inline_auto\" id=\"style-css-av-8p9og9-9474da6312bfdef80e60674d8516d4c9\">\n#top .hr.hr-invisible.av-8p9og9-9474da6312bfdef80e60674d8516d4c9{\nheight:5px;\n}\n<\/style>\n<div  class='hr av-8p9og9-9474da6312bfdef80e60674d8516d4c9 hr-invisible  avia-builder-el-7  el_after_av_one_full  el_before_av_gallery '><span class='hr-inner '><span class=\"hr-inner-style\"><\/span><\/span><\/div>\n\n<style type=\"text\/css\" data-created_by=\"avia_inline_auto\" id=\"style-css-av-7zyyyh-b036e4c4f4641abc304c9f91de700b40\">\n#top .avia-gallery.av-7zyyyh-b036e4c4f4641abc304c9f91de700b40 .avia-gallery-thumb a{\nwidth:20%;\n}\n<\/style>\n<div  class='avia-gallery av-7zyyyh-b036e4c4f4641abc304c9f91de700b40 avia_animate_when_visible  avia-builder-el-8  el_after_av_hr  el_before_av_hr  deactivate_avia_lazyload avia-gallery-animate avia-gallery-1'  itemprop=\"image\" itemscope=\"itemscope\" itemtype=\"https:\/\/schema.org\/ImageObject\" ><meta itemprop=\"contentURL\" content=\"https:\/\/www.apartmaji-sosic.si\/en\/restaurant\/\"><div class='avia-gallery-thumb'><a href=\"https:\/\/www.apartmaji-sosic.si\/wp-content\/uploads\/2016\/09\/hi\u0161a-in-gostilna-008-1024x757.jpg\" data-srcset=\"https:\/\/www.apartmaji-sosic.si\/wp-content\/uploads\/2016\/09\/hi\u0161a-in-gostilna-008-1024x757.jpg 1024w, https:\/\/www.apartmaji-sosic.si\/wp-content\/uploads\/2016\/09\/hi\u0161a-in-gostilna-008-300x222.jpg 300w, https:\/\/www.apartmaji-sosic.si\/wp-content\/uploads\/2016\/09\/hi\u0161a-in-gostilna-008-768x568.jpg 768w, https:\/\/www.apartmaji-sosic.si\/wp-content\/uploads\/2016\/09\/hi\u0161a-in-gostilna-008-1500x1109.jpg 1500w, https:\/\/www.apartmaji-sosic.si\/wp-content\/uploads\/2016\/09\/hi\u0161a-in-gostilna-008-705x521.jpg 705w, https:\/\/www.apartmaji-sosic.si\/wp-content\/uploads\/2016\/09\/hi\u0161a-in-gostilna-008-450x333.jpg 450w\" data-sizes=\"(max-width: 1024px) 100vw, 1024px\" data-rel='gallery-1' data-prev-img='https:\/\/www.apartmaji-sosic.si\/wp-content\/uploads\/2016\/09\/hi\u0161a-in-gostilna-008-495x400.jpg' class='first_thumb lightbox ' data-onclick='1' title='Hi\u0161a Sosi\u010d \u2013 gostilna pri Ani'  itemprop=\"thumbnailUrl\"  ><img decoding=\"async\" fetchpriority=\"high\" class=\"wp-image-1332 avia-img-lazy-loading-not-1332\"   src=\"https:\/\/www.apartmaji-sosic.si\/wp-content\/uploads\/2016\/09\/hi\u0161a-in-gostilna-008-495x400.jpg\" width=\"495\" height=\"400\"  title='Hi\u0161a Sosi\u010d \u2013 gostilna pri Ani' alt='' srcset=\"https:\/\/www.apartmaji-sosic.si\/wp-content\/uploads\/2016\/09\/hi\u0161a-in-gostilna-008-495x400.jpg 495w, https:\/\/www.apartmaji-sosic.si\/wp-content\/uploads\/2016\/09\/hi\u0161a-in-gostilna-008-845x684.jpg 845w\" sizes=\"(max-width: 495px) 100vw, 495px\" \/><div class='big-prev-fake'><img decoding=\"async\" loading=\"lazy\" class=\"wp-image-1332 avia-img-lazy-loading-1332\"  width=\"495\" height=\"400\" src=\"https:\/\/www.apartmaji-sosic.si\/wp-content\/uploads\/2016\/09\/hi\u0161a-in-gostilna-008-495x400.jpg\" title='Hi\u0161a Sosi\u010d \u2013 gostilna pri Ani' alt='' srcset=\"https:\/\/www.apartmaji-sosic.si\/wp-content\/uploads\/2016\/09\/hi\u0161a-in-gostilna-008-495x400.jpg 495w, https:\/\/www.apartmaji-sosic.si\/wp-content\/uploads\/2016\/09\/hi\u0161a-in-gostilna-008-845x684.jpg 845w\" sizes=\"(max-width: 495px) 100vw, 495px\" \/><\/div><\/a><a href=\"https:\/\/www.apartmaji-sosic.si\/wp-content\/uploads\/2016\/09\/hi\u0161a-in-gostilna-010-1024x757.jpg\" data-srcset=\"https:\/\/www.apartmaji-sosic.si\/wp-content\/uploads\/2016\/09\/hi\u0161a-in-gostilna-010-1024x757.jpg 1024w, https:\/\/www.apartmaji-sosic.si\/wp-content\/uploads\/2016\/09\/hi\u0161a-in-gostilna-010-300x222.jpg 300w, https:\/\/www.apartmaji-sosic.si\/wp-content\/uploads\/2016\/09\/hi\u0161a-in-gostilna-010-768x568.jpg 768w, https:\/\/www.apartmaji-sosic.si\/wp-content\/uploads\/2016\/09\/hi\u0161a-in-gostilna-010-1500x1109.jpg 1500w, https:\/\/www.apartmaji-sosic.si\/wp-content\/uploads\/2016\/09\/hi\u0161a-in-gostilna-010-705x521.jpg 705w, https:\/\/www.apartmaji-sosic.si\/wp-content\/uploads\/2016\/09\/hi\u0161a-in-gostilna-010-450x333.jpg 450w\" data-sizes=\"(max-width: 1024px) 100vw, 1024px\" data-rel='gallery-1' data-prev-img='https:\/\/www.apartmaji-sosic.si\/wp-content\/uploads\/2016\/09\/hi\u0161a-in-gostilna-010-495x400.jpg' class='lightbox ' data-onclick='2' title='Hi\u0161a Sosi\u010d \u2013 gostilna pri Ani'  itemprop=\"thumbnailUrl\"  ><img decoding=\"async\" fetchpriority=\"high\" class=\"wp-image-1333 avia-img-lazy-loading-not-1333\"   src=\"https:\/\/www.apartmaji-sosic.si\/wp-content\/uploads\/2016\/09\/hi\u0161a-in-gostilna-010-495x400.jpg\" width=\"495\" height=\"400\"  title='Hi\u0161a Sosi\u010d \u2013 gostilna pri Ani' alt='' srcset=\"https:\/\/www.apartmaji-sosic.si\/wp-content\/uploads\/2016\/09\/hi\u0161a-in-gostilna-010-495x400.jpg 495w, https:\/\/www.apartmaji-sosic.si\/wp-content\/uploads\/2016\/09\/hi\u0161a-in-gostilna-010-845x684.jpg 845w\" sizes=\"(max-width: 495px) 100vw, 495px\" \/><div class='big-prev-fake'><img decoding=\"async\" loading=\"lazy\" class=\"wp-image-1333 avia-img-lazy-loading-1333\"  width=\"495\" height=\"400\" src=\"https:\/\/www.apartmaji-sosic.si\/wp-content\/uploads\/2016\/09\/hi\u0161a-in-gostilna-010-495x400.jpg\" title='Hi\u0161a Sosi\u010d \u2013 gostilna pri Ani' alt='' srcset=\"https:\/\/www.apartmaji-sosic.si\/wp-content\/uploads\/2016\/09\/hi\u0161a-in-gostilna-010-495x400.jpg 495w, https:\/\/www.apartmaji-sosic.si\/wp-content\/uploads\/2016\/09\/hi\u0161a-in-gostilna-010-845x684.jpg 845w\" sizes=\"(max-width: 495px) 100vw, 495px\" \/><\/div><\/a><a href=\"https:\/\/www.apartmaji-sosic.si\/wp-content\/uploads\/2016\/09\/hi\u0161a-in-gostilna-012-1024x757.jpg\" data-srcset=\"https:\/\/www.apartmaji-sosic.si\/wp-content\/uploads\/2016\/09\/hi\u0161a-in-gostilna-012-1024x757.jpg 1024w, https:\/\/www.apartmaji-sosic.si\/wp-content\/uploads\/2016\/09\/hi\u0161a-in-gostilna-012-300x222.jpg 300w, https:\/\/www.apartmaji-sosic.si\/wp-content\/uploads\/2016\/09\/hi\u0161a-in-gostilna-012-768x568.jpg 768w, https:\/\/www.apartmaji-sosic.si\/wp-content\/uploads\/2016\/09\/hi\u0161a-in-gostilna-012-1500x1109.jpg 1500w, https:\/\/www.apartmaji-sosic.si\/wp-content\/uploads\/2016\/09\/hi\u0161a-in-gostilna-012-705x521.jpg 705w, https:\/\/www.apartmaji-sosic.si\/wp-content\/uploads\/2016\/09\/hi\u0161a-in-gostilna-012-450x333.jpg 450w\" data-sizes=\"(max-width: 1024px) 100vw, 1024px\" data-rel='gallery-1' data-prev-img='https:\/\/www.apartmaji-sosic.si\/wp-content\/uploads\/2016\/09\/hi\u0161a-in-gostilna-012-495x400.jpg' class='lightbox ' data-onclick='3' title='Hi\u0161a Sosi\u010d \u2013 gostilna pri Ani'  itemprop=\"thumbnailUrl\"  ><img decoding=\"async\" fetchpriority=\"high\" class=\"wp-image-1334 avia-img-lazy-loading-not-1334\"   src=\"https:\/\/www.apartmaji-sosic.si\/wp-content\/uploads\/2016\/09\/hi\u0161a-in-gostilna-012-495x400.jpg\" width=\"495\" height=\"400\"  title='Hi\u0161a Sosi\u010d \u2013 gostilna pri Ani' alt='' srcset=\"https:\/\/www.apartmaji-sosic.si\/wp-content\/uploads\/2016\/09\/hi\u0161a-in-gostilna-012-495x400.jpg 495w, https:\/\/www.apartmaji-sosic.si\/wp-content\/uploads\/2016\/09\/hi\u0161a-in-gostilna-012-845x684.jpg 845w\" sizes=\"(max-width: 495px) 100vw, 495px\" \/><div class='big-prev-fake'><img decoding=\"async\" loading=\"lazy\" class=\"wp-image-1334 avia-img-lazy-loading-1334\"  width=\"495\" height=\"400\" src=\"https:\/\/www.apartmaji-sosic.si\/wp-content\/uploads\/2016\/09\/hi\u0161a-in-gostilna-012-495x400.jpg\" title='Hi\u0161a Sosi\u010d \u2013 gostilna pri Ani' alt='' srcset=\"https:\/\/www.apartmaji-sosic.si\/wp-content\/uploads\/2016\/09\/hi\u0161a-in-gostilna-012-495x400.jpg 495w, https:\/\/www.apartmaji-sosic.si\/wp-content\/uploads\/2016\/09\/hi\u0161a-in-gostilna-012-845x684.jpg 845w\" sizes=\"(max-width: 495px) 100vw, 495px\" \/><\/div><\/a><a href=\"https:\/\/www.apartmaji-sosic.si\/wp-content\/uploads\/2016\/09\/hi\u0161a-in-gostilna-016-1024x757.jpg\" data-srcset=\"https:\/\/www.apartmaji-sosic.si\/wp-content\/uploads\/2016\/09\/hi\u0161a-in-gostilna-016-1024x757.jpg 1024w, https:\/\/www.apartmaji-sosic.si\/wp-content\/uploads\/2016\/09\/hi\u0161a-in-gostilna-016-300x222.jpg 300w, https:\/\/www.apartmaji-sosic.si\/wp-content\/uploads\/2016\/09\/hi\u0161a-in-gostilna-016-768x568.jpg 768w, https:\/\/www.apartmaji-sosic.si\/wp-content\/uploads\/2016\/09\/hi\u0161a-in-gostilna-016-1500x1109.jpg 1500w, https:\/\/www.apartmaji-sosic.si\/wp-content\/uploads\/2016\/09\/hi\u0161a-in-gostilna-016-705x521.jpg 705w, https:\/\/www.apartmaji-sosic.si\/wp-content\/uploads\/2016\/09\/hi\u0161a-in-gostilna-016-450x333.jpg 450w\" data-sizes=\"(max-width: 1024px) 100vw, 1024px\" data-rel='gallery-1' data-prev-img='https:\/\/www.apartmaji-sosic.si\/wp-content\/uploads\/2016\/09\/hi\u0161a-in-gostilna-016-495x400.jpg' class='lightbox ' data-onclick='4' title='Hi\u0161a Sosi\u010d \u2013 gostilna pri Ani'  itemprop=\"thumbnailUrl\"  ><img decoding=\"async\" fetchpriority=\"high\" class=\"wp-image-1335 avia-img-lazy-loading-not-1335\"   src=\"https:\/\/www.apartmaji-sosic.si\/wp-content\/uploads\/2016\/09\/hi\u0161a-in-gostilna-016-495x400.jpg\" width=\"495\" height=\"400\"  title='Hi\u0161a Sosi\u010d \u2013 gostilna pri Ani' alt='' srcset=\"https:\/\/www.apartmaji-sosic.si\/wp-content\/uploads\/2016\/09\/hi\u0161a-in-gostilna-016-495x400.jpg 495w, https:\/\/www.apartmaji-sosic.si\/wp-content\/uploads\/2016\/09\/hi\u0161a-in-gostilna-016-845x684.jpg 845w\" sizes=\"(max-width: 495px) 100vw, 495px\" \/><div class='big-prev-fake'><img decoding=\"async\" loading=\"lazy\" class=\"wp-image-1335 avia-img-lazy-loading-1335\"  width=\"495\" height=\"400\" src=\"https:\/\/www.apartmaji-sosic.si\/wp-content\/uploads\/2016\/09\/hi\u0161a-in-gostilna-016-495x400.jpg\" title='Hi\u0161a Sosi\u010d \u2013 gostilna pri Ani' alt='' srcset=\"https:\/\/www.apartmaji-sosic.si\/wp-content\/uploads\/2016\/09\/hi\u0161a-in-gostilna-016-495x400.jpg 495w, https:\/\/www.apartmaji-sosic.si\/wp-content\/uploads\/2016\/09\/hi\u0161a-in-gostilna-016-845x684.jpg 845w\" sizes=\"(max-width: 495px) 100vw, 495px\" \/><\/div><\/a><a href=\"https:\/\/www.apartmaji-sosic.si\/wp-content\/uploads\/2016\/09\/hi\u0161a-in-gostilna-019-1024x757.jpg\" data-srcset=\"https:\/\/www.apartmaji-sosic.si\/wp-content\/uploads\/2016\/09\/hi\u0161a-in-gostilna-019-1024x757.jpg 1024w, https:\/\/www.apartmaji-sosic.si\/wp-content\/uploads\/2016\/09\/hi\u0161a-in-gostilna-019-300x222.jpg 300w, https:\/\/www.apartmaji-sosic.si\/wp-content\/uploads\/2016\/09\/hi\u0161a-in-gostilna-019-768x568.jpg 768w, https:\/\/www.apartmaji-sosic.si\/wp-content\/uploads\/2016\/09\/hi\u0161a-in-gostilna-019-1500x1109.jpg 1500w, https:\/\/www.apartmaji-sosic.si\/wp-content\/uploads\/2016\/09\/hi\u0161a-in-gostilna-019-705x521.jpg 705w, https:\/\/www.apartmaji-sosic.si\/wp-content\/uploads\/2016\/09\/hi\u0161a-in-gostilna-019-450x333.jpg 450w\" data-sizes=\"(max-width: 1024px) 100vw, 1024px\" data-rel='gallery-1' data-prev-img='https:\/\/www.apartmaji-sosic.si\/wp-content\/uploads\/2016\/09\/hi\u0161a-in-gostilna-019-495x400.jpg' class='lightbox ' data-onclick='5' title='Hi\u0161a Sosi\u010d \u2013 gostilna pri Ani'  itemprop=\"thumbnailUrl\"  ><img decoding=\"async\" fetchpriority=\"high\" class=\"wp-image-1336 avia-img-lazy-loading-not-1336\"   src=\"https:\/\/www.apartmaji-sosic.si\/wp-content\/uploads\/2016\/09\/hi\u0161a-in-gostilna-019-495x400.jpg\" width=\"495\" height=\"400\"  title='Hi\u0161a Sosi\u010d \u2013 gostilna pri Ani' alt='' srcset=\"https:\/\/www.apartmaji-sosic.si\/wp-content\/uploads\/2016\/09\/hi\u0161a-in-gostilna-019-495x400.jpg 495w, https:\/\/www.apartmaji-sosic.si\/wp-content\/uploads\/2016\/09\/hi\u0161a-in-gostilna-019-845x684.jpg 845w\" sizes=\"(max-width: 495px) 100vw, 495px\" \/><div class='big-prev-fake'><img decoding=\"async\" loading=\"lazy\" class=\"wp-image-1336 avia-img-lazy-loading-1336\"  width=\"495\" height=\"400\" src=\"https:\/\/www.apartmaji-sosic.si\/wp-content\/uploads\/2016\/09\/hi\u0161a-in-gostilna-019-495x400.jpg\" title='Hi\u0161a Sosi\u010d \u2013 gostilna pri Ani' alt='' srcset=\"https:\/\/www.apartmaji-sosic.si\/wp-content\/uploads\/2016\/09\/hi\u0161a-in-gostilna-019-495x400.jpg 495w, https:\/\/www.apartmaji-sosic.si\/wp-content\/uploads\/2016\/09\/hi\u0161a-in-gostilna-019-845x684.jpg 845w\" sizes=\"(max-width: 495px) 100vw, 495px\" \/><\/div><\/a><\/div><\/div>\n\n<style type=\"text\/css\" data-created_by=\"avia_inline_auto\" id=\"style-css-av-57h7rd-9e30bdbca7d1eadc1b328cfc740134eb\">\n#top .hr.hr-invisible.av-57h7rd-9e30bdbca7d1eadc1b328cfc740134eb{\nheight:25px;\n}\n<\/style>\n<div  class='hr av-57h7rd-9e30bdbca7d1eadc1b328cfc740134eb hr-invisible  avia-builder-el-9  el_after_av_gallery  el_before_av_heading '><span class='hr-inner '><span class=\"hr-inner-style\"><\/span><\/span><\/div>\n\n<style type=\"text\/css\" data-created_by=\"avia_inline_auto\" id=\"style-css-av-av_heading-2beca5b0625995acf0429807792e1d77\">\n#top .av-special-heading.av-av_heading-2beca5b0625995acf0429807792e1d77{\npadding-bottom:20px;\nfont-size:27px;\n}\nbody .av-special-heading.av-av_heading-2beca5b0625995acf0429807792e1d77 .av-special-heading-tag .heading-char{\nfont-size:25px;\n}\n#top #wrap_all .av-special-heading.av-av_heading-2beca5b0625995acf0429807792e1d77 .av-special-heading-tag{\nfont-size:27px;\n}\n.av-special-heading.av-av_heading-2beca5b0625995acf0429807792e1d77 .av-subheading{\nfont-size:15px;\n}\n\n@media only screen and (min-width: 480px) and (max-width: 767px){ \n#top #wrap_all .av-special-heading.av-av_heading-2beca5b0625995acf0429807792e1d77 .av-special-heading-tag{\nfont-size:0.8em;\n}\n}\n\n@media only screen and (max-width: 479px){ \n#top #wrap_all .av-special-heading.av-av_heading-2beca5b0625995acf0429807792e1d77 .av-special-heading-tag{\nfont-size:0.8em;\n}\n}\n<\/style>\n<div  class='av-special-heading av-av_heading-2beca5b0625995acf0429807792e1d77 av-special-heading-h1 blockquote modern-quote modern-centered  avia-builder-el-10  el_after_av_hr  el_before_av_textblock  av-inherit-size'><h1 class='av-special-heading-tag'  itemprop=\"headline\"  >Contact <span class='special_amp'>&amp;<\/span> Bookings<\/h1><div class=\"special-heading-border\"><div class=\"special-heading-inner-border\"><\/div><\/div><\/div>\n<section  class='av_textblock_section av-30ipih-1b0bec094180a31caf36c4e59fd472a5 '   itemscope=\"itemscope\" itemtype=\"https:\/\/schema.org\/CreativeWork\" ><div class='avia_textblock'  itemprop=\"text\" ><p style=\"text-align: center;\"><strong>T<\/strong><strong>: <a href=\"tel:+386 5 678 00 22\">+386 5 678 00 22<\/a><\/strong><\/p>\n<p style=\"text-align: center;\"><strong>E: <a href=\"mailto:zvonko0404@hotmail.com\">zvonko0404@hotmail.com<\/a><\/strong><\/p>\n<\/div><\/section>\n\n","protected":false},"excerpt":{"rendered":"","protected":false},"author":1,"featured_media":0,"parent":0,"menu_order":0,"comment_status":"closed","ping_status":"closed","template":"","meta":{"footnotes":""},"_links":{"self":[{"href":"https:\/\/www.apartmaji-sosic.si\/en\/wp-json\/wp\/v2\/pages\/1401"}],"collection":[{"href":"https:\/\/www.apartmaji-sosic.si\/en\/wp-json\/wp\/v2\/pages"}],"about":[{"href":"https:\/\/www.apartmaji-sosic.si\/en\/wp-json\/wp\/v2\/types\/page"}],"author":[{"embeddable":true,"href":"https:\/\/www.apartmaji-sosic.si\/en\/wp-json\/wp\/v2\/users\/1"}],"replies":[{"embeddable":true,"href":"https:\/\/www.apartmaji-sosic.si\/en\/wp-json\/wp\/v2\/comments?post=1401"}],"version-history":[{"count":6,"href":"https:\/\/www.apartmaji-sosic.si\/en\/wp-json\/wp\/v2\/pages\/1401\/revisions"}],"predecessor-version":[{"id":2735,"href":"https:\/\/www.apartmaji-sosic.si\/en\/wp-json\/wp\/v2\/pages\/1401\/revisions\/2735"}],"wp:attachment":[{"href":"https:\/\/www.apartmaji-sosic.si\/en\/wp-json\/wp\/v2\/media?parent=1401"}],"curies":[{"name":"wp","href":"https:\/\/api.w.org\/{rel}","templated":true}]}}