{"id":1820,"date":"2016-09-30T21:24:16","date_gmt":"2016-09-30T21:24:16","guid":{"rendered":"http:\/\/www.apartmaji-sosic.si\/it\/gostilna\/"},"modified":"2019-06-03T20:28:10","modified_gmt":"2019-06-03T20:28:10","slug":"trattoria","status":"publish","type":"page","link":"https:\/\/www.apartmaji-sosic.si\/it\/trattoria\/","title":{"rendered":"Trattoria"},"content":{"rendered":"\n<style type=\"text\/css\" data-created_by=\"avia_inline_auto\" id=\"style-css-av-k1ph70-bf746241f8c2857f1bc78e13003e4efe\">\n.avia-section.av-k1ph70-bf746241f8c2857f1bc78e13003e4efe{\nbackground-repeat:no-repeat;\nbackground-image:url(https:\/\/www.apartmaji-sosic.si\/wp-content\/uploads\/2016\/02\/Apartmaji-Sosi\u010d-Strunjan.jpg);\nbackground-position:50% 50%;\nbackground-attachment:scroll;\n}\n.avia-section.av-k1ph70-bf746241f8c2857f1bc78e13003e4efe .av-section-color-overlay{\nopacity:0.4;\nbackground-color:#0a0a0a;\n}\n<\/style>\n<div id='av_section_1'  class='avia-section av-k1ph70-bf746241f8c2857f1bc78e13003e4efe main_color avia-section-default avia-no-shadow  avia-builder-el-0  el_before_av_section  avia-builder-el-first  avia-full-stretch avia-bg-style-scroll av-section-color-overlay-active av-minimum-height av-minimum-height-custom av-height-custom  container_wrap fullsize'  data-section-bg-repeat='stretch' data-av_minimum_height_px='250'><div class=\"av-section-color-overlay-wrap\"><div class=\"av-section-color-overlay\"><\/div><div class='container av-section-cont-open' style='height:250px'><main  role=\"main\" itemprop=\"mainContentOfPage\"  class='template-page content  av-content-full alpha units'><div class='post-entry post-entry-type-page post-entry-1820'><div class='entry-content-wrapper clearfix'>\n<\/div><\/div><\/main><!-- close content main element --><\/div><\/div><\/div>\n<style type=\"text\/css\" data-created_by=\"avia_inline_auto\" id=\"style-css-av-iohcwc-c44da83afee4772baa537a09b8be5b82\">\n.avia-section.av-iohcwc-c44da83afee4772baa537a09b8be5b82{\nbackground-repeat:no-repeat;\nbackground-image:url(https:\/\/www.apartmaji-sosic.si\/wp-content\/uploads\/2015\/07\/ornament-bg-top-small-1.png);\nbackground-position:50% 0%;\nbackground-attachment:scroll;\n}\n<\/style>\n<div id='av_section_2'  class='avia-section av-iohcwc-c44da83afee4772baa537a09b8be5b82 main_color avia-section-huge avia-no-border-styling  avia-builder-el-1  el_after_av_section  avia-builder-el-last  avia-full-contain avia-bg-style-scroll container_wrap fullsize'  data-section-bg-repeat='contain'><div class='container av-section-cont-open' ><div class='template-page content  av-content-full alpha units'><div class='post-entry post-entry-type-page post-entry-1820'><div class='entry-content-wrapper clearfix'>\n\n<style type=\"text\/css\" data-created_by=\"avia_inline_auto\" id=\"style-css-av-hcke4s-10f805d3a273522b1fabe61a5e427f8b\">\n#top .flex_column.av-hcke4s-10f805d3a273522b1fabe61a5e427f8b{\nmargin-top:-200px;\nmargin-bottom:0px;\n}\n.flex_column.av-hcke4s-10f805d3a273522b1fabe61a5e427f8b{\nborder-radius:0px 0px 0px 0px;\npadding:30px 30px 0px 30px;\nbackground-color:#ffffff;\n}\n.responsive #top #wrap_all .flex_column.av-hcke4s-10f805d3a273522b1fabe61a5e427f8b{\nmargin-top:-200px;\nmargin-bottom:0px;\n}\n<\/style>\n<div  class='flex_column av-hcke4s-10f805d3a273522b1fabe61a5e427f8b av_one_full  avia-builder-el-2  el_before_av_hr  avia-builder-el-first  first flex_column_div  '     ><p>\n<style type=\"text\/css\" data-created_by=\"avia_inline_auto\" id=\"style-css-av-flvg4s-0ba0342782051635d4ee0198a3ada890\">\n#top .hr.hr-invisible.av-flvg4s-0ba0342782051635d4ee0198a3ada890{\nheight:5px;\n}\n<\/style>\n<div  class='hr av-flvg4s-0ba0342782051635d4ee0198a3ada890 hr-invisible  avia-builder-el-3  el_before_av_heading  avia-builder-el-first '><span class='hr-inner '><span class=\"hr-inner-style\"><\/span><\/span><\/div><br \/>\n\n<style type=\"text\/css\" data-created_by=\"avia_inline_auto\" id=\"style-css-av-jwgtuhsr-49fcceb78cef32fc25e71f239adee700\">\n#top .av-special-heading.av-jwgtuhsr-49fcceb78cef32fc25e71f239adee700{\npadding-bottom:20px;\nfont-size:40px;\n}\nbody .av-special-heading.av-jwgtuhsr-49fcceb78cef32fc25e71f239adee700 .av-special-heading-tag .heading-char{\nfont-size:25px;\n}\n#top #wrap_all .av-special-heading.av-jwgtuhsr-49fcceb78cef32fc25e71f239adee700 .av-special-heading-tag{\nfont-size:40px;\n}\n.av-special-heading.av-jwgtuhsr-49fcceb78cef32fc25e71f239adee700 .av-subheading{\nfont-size:15px;\n}\n\n@media only screen and (min-width: 480px) and (max-width: 767px){ \n#top #wrap_all .av-special-heading.av-jwgtuhsr-49fcceb78cef32fc25e71f239adee700 .av-special-heading-tag{\nfont-size:0.8em;\n}\n}\n\n@media only screen and (max-width: 479px){ \n#top #wrap_all .av-special-heading.av-jwgtuhsr-49fcceb78cef32fc25e71f239adee700 .av-special-heading-tag{\nfont-size:0.8em;\n}\n}\n<\/style>\n<div  class='av-special-heading av-jwgtuhsr-49fcceb78cef32fc25e71f239adee700 av-special-heading-h1 blockquote modern-quote modern-centered  avia-builder-el-4  el_after_av_hr  el_before_av_hr  av-inherit-size'><h1 class='av-special-heading-tag'  itemprop=\"headline\"  >Trattoria \u2013 Strunjan \u2013 Casa Sosic<\/h1><div class='av-subheading av-subheading_below'><p>Casa Sosic \u2013 trattoria<\/p>\n<\/div><div class=\"special-heading-border\"><div class=\"special-heading-inner-border\"><\/div><\/div><\/div><br \/>\n\n<style type=\"text\/css\" data-created_by=\"avia_inline_auto\" id=\"style-css-av-bxdfgc-be8f34478af731f27eaafe79ccbae75e\">\n#top .hr.hr-invisible.av-bxdfgc-be8f34478af731f27eaafe79ccbae75e{\nheight:25px;\n}\n<\/style>\n<div  class='hr av-bxdfgc-be8f34478af731f27eaafe79ccbae75e hr-invisible  avia-builder-el-5  el_after_av_heading  el_before_av_textblock '><span class='hr-inner '><span class=\"hr-inner-style\"><\/span><\/span><\/div><br \/>\n<section  class='av_textblock_section av-10w21o-69a360b98a7900e56031c9caaec39921 '   itemscope=\"itemscope\" itemtype=\"https:\/\/schema.org\/CreativeWork\" ><div class='avia_textblock'  itemprop=\"text\" ><p style=\"text-align: center;\"><strong>La Trattoria <\/strong>dal nome<strong> \u00a0<\/strong>\u201d<strong>Casa Sosic \u2013\u00a0<\/strong><strong>trattoria da Anna<\/strong>\u201d \u00e9 aperta <strong>tutto l&#8217;anno<\/strong> tutti i giorni\u00a0dalle ore 11. alle 23.<br \/>\n<strong>La capacita <\/strong>\u00e9 di 40 e 50 posti in\u00a0<strong>due sale<\/strong>\u00a0pi\u00fa un <strong>terrazzo <\/strong>di\u00a0<strong>60 posti.<\/strong><br \/>\n<strong>Lo Chef<\/strong>\u00a0vi preparera un ampia gamma di piatti: dal <strong>pesce di mare<\/strong> e\u00a0<strong>crostacei<\/strong>\u00a0\u00a0ai\u00a0\u00a0piatti <strong>di carne<\/strong> e <strong>dolci<\/strong>.\u00a0Raccomandiamo<strong> il pesce<\/strong><strong>\u00a0al forno\u00a0con le olive.<\/strong><\/p>\n<p style=\"text-align: center;\">La terrazza \u00e8 coperta met\u00e0 con \u00a0<strong>la pergola,<\/strong> sotto la quale d&#8217;estate nei giorni pi\u00f9 caldi \u00e8 \u00a0<strong>piacevolmente fresco, <\/strong>l&#8217;altra met\u00e0 con la <strong>tenda.<\/strong><\/p>\n<\/div><\/section><\/p><\/div>\n<style type=\"text\/css\" data-created_by=\"avia_inline_auto\" id=\"style-css-av-960eb0-e9107b502f42a39e7651f011e75e8330\">\n#top .hr.hr-invisible.av-960eb0-e9107b502f42a39e7651f011e75e8330{\nheight:5px;\n}\n<\/style>\n<div  class='hr av-960eb0-e9107b502f42a39e7651f011e75e8330 hr-invisible  avia-builder-el-7  el_after_av_one_full  el_before_av_gallery '><span class='hr-inner '><span class=\"hr-inner-style\"><\/span><\/span><\/div>\n\n<style type=\"text\/css\" data-created_by=\"avia_inline_auto\" id=\"style-css-av-6wnxx8-085ed1adaeaacdc5c075eb8c9d699fc8\">\n#top .avia-gallery.av-6wnxx8-085ed1adaeaacdc5c075eb8c9d699fc8 .avia-gallery-thumb a{\nwidth:20%;\n}\n<\/style>\n<div  class='avia-gallery av-6wnxx8-085ed1adaeaacdc5c075eb8c9d699fc8 avia_animate_when_visible  avia-builder-el-8  el_after_av_hr  el_before_av_hr  deactivate_avia_lazyload avia-gallery-animate avia-gallery-1'  itemprop=\"image\" itemscope=\"itemscope\" itemtype=\"https:\/\/schema.org\/ImageObject\" ><meta itemprop=\"contentURL\" content=\"https:\/\/www.apartmaji-sosic.si\/it\/trattoria\/\"><div class='avia-gallery-thumb'><a href=\"https:\/\/www.apartmaji-sosic.si\/wp-content\/uploads\/2016\/09\/hi\u0161a-in-gostilna-008-1024x757.jpg\" data-srcset=\"https:\/\/www.apartmaji-sosic.si\/wp-content\/uploads\/2016\/09\/hi\u0161a-in-gostilna-008-1024x757.jpg 1024w, https:\/\/www.apartmaji-sosic.si\/wp-content\/uploads\/2016\/09\/hi\u0161a-in-gostilna-008-300x222.jpg 300w, https:\/\/www.apartmaji-sosic.si\/wp-content\/uploads\/2016\/09\/hi\u0161a-in-gostilna-008-768x568.jpg 768w, https:\/\/www.apartmaji-sosic.si\/wp-content\/uploads\/2016\/09\/hi\u0161a-in-gostilna-008-1500x1109.jpg 1500w, https:\/\/www.apartmaji-sosic.si\/wp-content\/uploads\/2016\/09\/hi\u0161a-in-gostilna-008-705x521.jpg 705w, https:\/\/www.apartmaji-sosic.si\/wp-content\/uploads\/2016\/09\/hi\u0161a-in-gostilna-008-450x333.jpg 450w\" data-sizes=\"(max-width: 1024px) 100vw, 1024px\" data-rel='gallery-1' data-prev-img='https:\/\/www.apartmaji-sosic.si\/wp-content\/uploads\/2016\/09\/hi\u0161a-in-gostilna-008-495x400.jpg' class='first_thumb lightbox ' data-onclick='1' title='Hi\u0161a Sosi\u010d \u2013 gostilna pri Ani'  itemprop=\"thumbnailUrl\"  ><img decoding=\"async\" fetchpriority=\"high\" class=\"wp-image-1822 avia-img-lazy-loading-not-1822\"   src=\"https:\/\/www.apartmaji-sosic.si\/wp-content\/uploads\/2016\/09\/hi\u0161a-in-gostilna-008-495x400.jpg\" width=\"495\" height=\"400\"  title='Hi\u0161a Sosi\u010d \u2013 gostilna pri Ani' alt='' srcset=\"https:\/\/www.apartmaji-sosic.si\/wp-content\/uploads\/2016\/09\/hi\u0161a-in-gostilna-008-495x400.jpg 495w, https:\/\/www.apartmaji-sosic.si\/wp-content\/uploads\/2016\/09\/hi\u0161a-in-gostilna-008-845x684.jpg 845w\" sizes=\"(max-width: 495px) 100vw, 495px\" \/><div class='big-prev-fake'><img decoding=\"async\" loading=\"lazy\" class=\"wp-image-1822 avia-img-lazy-loading-1822\"  width=\"495\" height=\"400\" src=\"https:\/\/www.apartmaji-sosic.si\/wp-content\/uploads\/2016\/09\/hi\u0161a-in-gostilna-008-495x400.jpg\" title='Hi\u0161a Sosi\u010d \u2013 gostilna pri Ani' alt='' srcset=\"https:\/\/www.apartmaji-sosic.si\/wp-content\/uploads\/2016\/09\/hi\u0161a-in-gostilna-008-495x400.jpg 495w, https:\/\/www.apartmaji-sosic.si\/wp-content\/uploads\/2016\/09\/hi\u0161a-in-gostilna-008-845x684.jpg 845w\" sizes=\"(max-width: 495px) 100vw, 495px\" \/><\/div><\/a><a href=\"https:\/\/www.apartmaji-sosic.si\/wp-content\/uploads\/2016\/09\/hi\u0161a-in-gostilna-010-1024x757.jpg\" data-srcset=\"https:\/\/www.apartmaji-sosic.si\/wp-content\/uploads\/2016\/09\/hi\u0161a-in-gostilna-010-1024x757.jpg 1024w, https:\/\/www.apartmaji-sosic.si\/wp-content\/uploads\/2016\/09\/hi\u0161a-in-gostilna-010-300x222.jpg 300w, https:\/\/www.apartmaji-sosic.si\/wp-content\/uploads\/2016\/09\/hi\u0161a-in-gostilna-010-768x568.jpg 768w, https:\/\/www.apartmaji-sosic.si\/wp-content\/uploads\/2016\/09\/hi\u0161a-in-gostilna-010-1500x1109.jpg 1500w, https:\/\/www.apartmaji-sosic.si\/wp-content\/uploads\/2016\/09\/hi\u0161a-in-gostilna-010-705x521.jpg 705w, https:\/\/www.apartmaji-sosic.si\/wp-content\/uploads\/2016\/09\/hi\u0161a-in-gostilna-010-450x333.jpg 450w\" data-sizes=\"(max-width: 1024px) 100vw, 1024px\" data-rel='gallery-1' data-prev-img='https:\/\/www.apartmaji-sosic.si\/wp-content\/uploads\/2016\/09\/hi\u0161a-in-gostilna-010-495x400.jpg' class='lightbox ' data-onclick='2' title='Hi\u0161a Sosi\u010d \u2013 gostilna pri Ani'  itemprop=\"thumbnailUrl\"  ><img decoding=\"async\" fetchpriority=\"high\" class=\"wp-image-1823 avia-img-lazy-loading-not-1823\"   src=\"https:\/\/www.apartmaji-sosic.si\/wp-content\/uploads\/2016\/09\/hi\u0161a-in-gostilna-010-495x400.jpg\" width=\"495\" height=\"400\"  title='Hi\u0161a Sosi\u010d \u2013 gostilna pri Ani' alt='' srcset=\"https:\/\/www.apartmaji-sosic.si\/wp-content\/uploads\/2016\/09\/hi\u0161a-in-gostilna-010-495x400.jpg 495w, https:\/\/www.apartmaji-sosic.si\/wp-content\/uploads\/2016\/09\/hi\u0161a-in-gostilna-010-845x684.jpg 845w\" sizes=\"(max-width: 495px) 100vw, 495px\" \/><div class='big-prev-fake'><img decoding=\"async\" loading=\"lazy\" class=\"wp-image-1823 avia-img-lazy-loading-1823\"  width=\"495\" height=\"400\" src=\"https:\/\/www.apartmaji-sosic.si\/wp-content\/uploads\/2016\/09\/hi\u0161a-in-gostilna-010-495x400.jpg\" title='Hi\u0161a Sosi\u010d \u2013 gostilna pri Ani' alt='' srcset=\"https:\/\/www.apartmaji-sosic.si\/wp-content\/uploads\/2016\/09\/hi\u0161a-in-gostilna-010-495x400.jpg 495w, https:\/\/www.apartmaji-sosic.si\/wp-content\/uploads\/2016\/09\/hi\u0161a-in-gostilna-010-845x684.jpg 845w\" sizes=\"(max-width: 495px) 100vw, 495px\" \/><\/div><\/a><a href=\"https:\/\/www.apartmaji-sosic.si\/wp-content\/uploads\/2016\/09\/hi\u0161a-in-gostilna-012-1024x757.jpg\" data-srcset=\"https:\/\/www.apartmaji-sosic.si\/wp-content\/uploads\/2016\/09\/hi\u0161a-in-gostilna-012-1024x757.jpg 1024w, https:\/\/www.apartmaji-sosic.si\/wp-content\/uploads\/2016\/09\/hi\u0161a-in-gostilna-012-300x222.jpg 300w, https:\/\/www.apartmaji-sosic.si\/wp-content\/uploads\/2016\/09\/hi\u0161a-in-gostilna-012-768x568.jpg 768w, https:\/\/www.apartmaji-sosic.si\/wp-content\/uploads\/2016\/09\/hi\u0161a-in-gostilna-012-1500x1109.jpg 1500w, https:\/\/www.apartmaji-sosic.si\/wp-content\/uploads\/2016\/09\/hi\u0161a-in-gostilna-012-705x521.jpg 705w, https:\/\/www.apartmaji-sosic.si\/wp-content\/uploads\/2016\/09\/hi\u0161a-in-gostilna-012-450x333.jpg 450w\" data-sizes=\"(max-width: 1024px) 100vw, 1024px\" data-rel='gallery-1' data-prev-img='https:\/\/www.apartmaji-sosic.si\/wp-content\/uploads\/2016\/09\/hi\u0161a-in-gostilna-012-495x400.jpg' class='lightbox ' data-onclick='3' title='Hi\u0161a Sosi\u010d \u2013 gostilna pri Ani'  itemprop=\"thumbnailUrl\"  ><img decoding=\"async\" fetchpriority=\"high\" class=\"wp-image-1824 avia-img-lazy-loading-not-1824\"   src=\"https:\/\/www.apartmaji-sosic.si\/wp-content\/uploads\/2016\/09\/hi\u0161a-in-gostilna-012-495x400.jpg\" width=\"495\" height=\"400\"  title='Hi\u0161a Sosi\u010d \u2013 gostilna pri Ani' alt='' srcset=\"https:\/\/www.apartmaji-sosic.si\/wp-content\/uploads\/2016\/09\/hi\u0161a-in-gostilna-012-495x400.jpg 495w, https:\/\/www.apartmaji-sosic.si\/wp-content\/uploads\/2016\/09\/hi\u0161a-in-gostilna-012-845x684.jpg 845w\" sizes=\"(max-width: 495px) 100vw, 495px\" \/><div class='big-prev-fake'><img decoding=\"async\" loading=\"lazy\" class=\"wp-image-1824 avia-img-lazy-loading-1824\"  width=\"495\" height=\"400\" src=\"https:\/\/www.apartmaji-sosic.si\/wp-content\/uploads\/2016\/09\/hi\u0161a-in-gostilna-012-495x400.jpg\" title='Hi\u0161a Sosi\u010d \u2013 gostilna pri Ani' alt='' srcset=\"https:\/\/www.apartmaji-sosic.si\/wp-content\/uploads\/2016\/09\/hi\u0161a-in-gostilna-012-495x400.jpg 495w, https:\/\/www.apartmaji-sosic.si\/wp-content\/uploads\/2016\/09\/hi\u0161a-in-gostilna-012-845x684.jpg 845w\" sizes=\"(max-width: 495px) 100vw, 495px\" \/><\/div><\/a><a href=\"https:\/\/www.apartmaji-sosic.si\/wp-content\/uploads\/2016\/09\/hi\u0161a-in-gostilna-016-1024x757.jpg\" data-srcset=\"https:\/\/www.apartmaji-sosic.si\/wp-content\/uploads\/2016\/09\/hi\u0161a-in-gostilna-016-1024x757.jpg 1024w, https:\/\/www.apartmaji-sosic.si\/wp-content\/uploads\/2016\/09\/hi\u0161a-in-gostilna-016-300x222.jpg 300w, https:\/\/www.apartmaji-sosic.si\/wp-content\/uploads\/2016\/09\/hi\u0161a-in-gostilna-016-768x568.jpg 768w, https:\/\/www.apartmaji-sosic.si\/wp-content\/uploads\/2016\/09\/hi\u0161a-in-gostilna-016-1500x1109.jpg 1500w, https:\/\/www.apartmaji-sosic.si\/wp-content\/uploads\/2016\/09\/hi\u0161a-in-gostilna-016-705x521.jpg 705w, https:\/\/www.apartmaji-sosic.si\/wp-content\/uploads\/2016\/09\/hi\u0161a-in-gostilna-016-450x333.jpg 450w\" data-sizes=\"(max-width: 1024px) 100vw, 1024px\" data-rel='gallery-1' data-prev-img='https:\/\/www.apartmaji-sosic.si\/wp-content\/uploads\/2016\/09\/hi\u0161a-in-gostilna-016-495x400.jpg' class='lightbox ' data-onclick='4' title='Hi\u0161a Sosi\u010d \u2013 gostilna pri Ani'  itemprop=\"thumbnailUrl\"  ><img decoding=\"async\" fetchpriority=\"high\" class=\"wp-image-1825 avia-img-lazy-loading-not-1825\"   src=\"https:\/\/www.apartmaji-sosic.si\/wp-content\/uploads\/2016\/09\/hi\u0161a-in-gostilna-016-495x400.jpg\" width=\"495\" height=\"400\"  title='Hi\u0161a Sosi\u010d \u2013 gostilna pri Ani' alt='' srcset=\"https:\/\/www.apartmaji-sosic.si\/wp-content\/uploads\/2016\/09\/hi\u0161a-in-gostilna-016-495x400.jpg 495w, https:\/\/www.apartmaji-sosic.si\/wp-content\/uploads\/2016\/09\/hi\u0161a-in-gostilna-016-845x684.jpg 845w\" sizes=\"(max-width: 495px) 100vw, 495px\" \/><div class='big-prev-fake'><img decoding=\"async\" loading=\"lazy\" class=\"wp-image-1825 avia-img-lazy-loading-1825\"  width=\"495\" height=\"400\" src=\"https:\/\/www.apartmaji-sosic.si\/wp-content\/uploads\/2016\/09\/hi\u0161a-in-gostilna-016-495x400.jpg\" title='Hi\u0161a Sosi\u010d \u2013 gostilna pri Ani' alt='' srcset=\"https:\/\/www.apartmaji-sosic.si\/wp-content\/uploads\/2016\/09\/hi\u0161a-in-gostilna-016-495x400.jpg 495w, https:\/\/www.apartmaji-sosic.si\/wp-content\/uploads\/2016\/09\/hi\u0161a-in-gostilna-016-845x684.jpg 845w\" sizes=\"(max-width: 495px) 100vw, 495px\" \/><\/div><\/a><a href=\"https:\/\/www.apartmaji-sosic.si\/wp-content\/uploads\/2016\/09\/hi\u0161a-in-gostilna-019-1024x757.jpg\" data-srcset=\"https:\/\/www.apartmaji-sosic.si\/wp-content\/uploads\/2016\/09\/hi\u0161a-in-gostilna-019-1024x757.jpg 1024w, https:\/\/www.apartmaji-sosic.si\/wp-content\/uploads\/2016\/09\/hi\u0161a-in-gostilna-019-300x222.jpg 300w, https:\/\/www.apartmaji-sosic.si\/wp-content\/uploads\/2016\/09\/hi\u0161a-in-gostilna-019-768x568.jpg 768w, https:\/\/www.apartmaji-sosic.si\/wp-content\/uploads\/2016\/09\/hi\u0161a-in-gostilna-019-1500x1109.jpg 1500w, https:\/\/www.apartmaji-sosic.si\/wp-content\/uploads\/2016\/09\/hi\u0161a-in-gostilna-019-705x521.jpg 705w, https:\/\/www.apartmaji-sosic.si\/wp-content\/uploads\/2016\/09\/hi\u0161a-in-gostilna-019-450x333.jpg 450w\" data-sizes=\"(max-width: 1024px) 100vw, 1024px\" data-rel='gallery-1' data-prev-img='https:\/\/www.apartmaji-sosic.si\/wp-content\/uploads\/2016\/09\/hi\u0161a-in-gostilna-019-495x400.jpg' class='lightbox ' data-onclick='5' title='Hi\u0161a Sosi\u010d \u2013 gostilna pri Ani'  itemprop=\"thumbnailUrl\"  ><img decoding=\"async\" fetchpriority=\"high\" class=\"wp-image-1826 avia-img-lazy-loading-not-1826\"   src=\"https:\/\/www.apartmaji-sosic.si\/wp-content\/uploads\/2016\/09\/hi\u0161a-in-gostilna-019-495x400.jpg\" width=\"495\" height=\"400\"  title='Hi\u0161a Sosi\u010d \u2013 gostilna pri Ani' alt='' srcset=\"https:\/\/www.apartmaji-sosic.si\/wp-content\/uploads\/2016\/09\/hi\u0161a-in-gostilna-019-495x400.jpg 495w, https:\/\/www.apartmaji-sosic.si\/wp-content\/uploads\/2016\/09\/hi\u0161a-in-gostilna-019-845x684.jpg 845w\" sizes=\"(max-width: 495px) 100vw, 495px\" \/><div class='big-prev-fake'><img decoding=\"async\" loading=\"lazy\" class=\"wp-image-1826 avia-img-lazy-loading-1826\"  width=\"495\" height=\"400\" src=\"https:\/\/www.apartmaji-sosic.si\/wp-content\/uploads\/2016\/09\/hi\u0161a-in-gostilna-019-495x400.jpg\" title='Hi\u0161a Sosi\u010d \u2013 gostilna pri Ani' alt='' srcset=\"https:\/\/www.apartmaji-sosic.si\/wp-content\/uploads\/2016\/09\/hi\u0161a-in-gostilna-019-495x400.jpg 495w, https:\/\/www.apartmaji-sosic.si\/wp-content\/uploads\/2016\/09\/hi\u0161a-in-gostilna-019-845x684.jpg 845w\" sizes=\"(max-width: 495px) 100vw, 495px\" \/><\/div><\/a><\/div><\/div>\n\n<style type=\"text\/css\" data-created_by=\"avia_inline_auto\" id=\"style-css-av-64gmzw-cad9cfabf25619f06bb1080f3e12c786\">\n#top .hr.hr-invisible.av-64gmzw-cad9cfabf25619f06bb1080f3e12c786{\nheight:25px;\n}\n<\/style>\n<div  class='hr av-64gmzw-cad9cfabf25619f06bb1080f3e12c786 hr-invisible  avia-builder-el-9  el_after_av_gallery  el_before_av_heading '><span class='hr-inner '><span class=\"hr-inner-style\"><\/span><\/span><\/div>\n\n<style type=\"text\/css\" data-created_by=\"avia_inline_auto\" id=\"style-css-av-av_heading-42844ba2d03c86866ae570601b13d6d1\">\n#top .av-special-heading.av-av_heading-42844ba2d03c86866ae570601b13d6d1{\npadding-bottom:20px;\nfont-size:27px;\n}\nbody .av-special-heading.av-av_heading-42844ba2d03c86866ae570601b13d6d1 .av-special-heading-tag .heading-char{\nfont-size:25px;\n}\n#top #wrap_all .av-special-heading.av-av_heading-42844ba2d03c86866ae570601b13d6d1 .av-special-heading-tag{\nfont-size:27px;\n}\n.av-special-heading.av-av_heading-42844ba2d03c86866ae570601b13d6d1 .av-subheading{\nfont-size:15px;\n}\n\n@media only screen and (min-width: 480px) and (max-width: 767px){ \n#top #wrap_all .av-special-heading.av-av_heading-42844ba2d03c86866ae570601b13d6d1 .av-special-heading-tag{\nfont-size:0.8em;\n}\n}\n\n@media only screen and (max-width: 479px){ \n#top #wrap_all .av-special-heading.av-av_heading-42844ba2d03c86866ae570601b13d6d1 .av-special-heading-tag{\nfont-size:0.8em;\n}\n}\n<\/style>\n<div  class='av-special-heading av-av_heading-42844ba2d03c86866ae570601b13d6d1 av-special-heading-h1 blockquote modern-quote modern-centered  avia-builder-el-10  el_after_av_hr  el_before_av_textblock  av-inherit-size'><h1 class='av-special-heading-tag'  itemprop=\"headline\"  >Contatto e prenotamenti<\/h1><div class=\"special-heading-border\"><div class=\"special-heading-inner-border\"><\/div><\/div><\/div>\n<section  class='av_textblock_section av-2kd0h8-8b6b3920b85ccdfcf1df5eb25320262b '   itemscope=\"itemscope\" itemtype=\"https:\/\/schema.org\/CreativeWork\" ><div class='avia_textblock'  itemprop=\"text\" ><p style=\"text-align: center;\"><strong>T<\/strong><strong>: <a href=\"tel:+386 5 678 00 22\">+386 5 678 00 22<\/a><\/strong><\/p>\n<p style=\"text-align: center;\"><strong>E: <a href=\"mailto:zvonko0404@hotmail.com\">zvonko0404@hotmail.com<\/a><\/strong><\/p>\n<\/div><\/section>\n\n","protected":false},"excerpt":{"rendered":"","protected":false},"author":1,"featured_media":0,"parent":0,"menu_order":0,"comment_status":"closed","ping_status":"closed","template":"","meta":{"footnotes":""},"_links":{"self":[{"href":"https:\/\/www.apartmaji-sosic.si\/it\/wp-json\/wp\/v2\/pages\/1820"}],"collection":[{"href":"https:\/\/www.apartmaji-sosic.si\/it\/wp-json\/wp\/v2\/pages"}],"about":[{"href":"https:\/\/www.apartmaji-sosic.si\/it\/wp-json\/wp\/v2\/types\/page"}],"author":[{"embeddable":true,"href":"https:\/\/www.apartmaji-sosic.si\/it\/wp-json\/wp\/v2\/users\/1"}],"replies":[{"embeddable":true,"href":"https:\/\/www.apartmaji-sosic.si\/it\/wp-json\/wp\/v2\/comments?post=1820"}],"version-history":[{"count":7,"href":"https:\/\/www.apartmaji-sosic.si\/it\/wp-json\/wp\/v2\/pages\/1820\/revisions"}],"predecessor-version":[{"id":2733,"href":"https:\/\/www.apartmaji-sosic.si\/it\/wp-json\/wp\/v2\/pages\/1820\/revisions\/2733"}],"wp:attachment":[{"href":"https:\/\/www.apartmaji-sosic.si\/it\/wp-json\/wp\/v2\/media?parent=1820"}],"curies":[{"name":"wp","href":"https:\/\/api.w.org\/{rel}","templated":true}]}}